{"id":1018,"date":"2025-02-17T18:58:24","date_gmt":"2025-02-17T16:58:24","guid":{"rendered":"https:\/\/humpparalli.in\/?page_id=1018"},"modified":"2026-01-18T19:52:40","modified_gmt":"2026-01-18T17:52:40","slug":"laulukilpailu","status":"publish","type":"page","link":"https:\/\/humpparalli.in\/?page_id=1018","title":{"rendered":"Laulukilpailu"},"content":{"rendered":"\n<p class=\"has-text-align-center\">Humppamestarit -laulukilpailu julkaistaan toista kertaa!<br>Kilpailussa etsit\u00e4\u00e4n Humppamestareita miesten ja naisten sarjoissa ilman osallistujien ik\u00e4rajaa.<br>Alkukarsintavideoita voi nyt l\u00e4hett\u00e4\u00e4!<\/p>\n\n\n\n<p class=\"has-text-align-center\"><\/p>\n\n\n<div dir=\"auto\">\u00a0<\/div>\n<div dir=\"auto\"><strong>Alkukarsinta<\/strong><\/div>\n<ul>\n<li dir=\"auto\">Alkukarsinnassa kilpailija laulaa ja \u00e4\u00e4nitt\u00e4\u00e4 itse valitsemansa humpan videolle, joka l\u00e4hetet\u00e4\u00e4n s\u00e4hk\u00f6postiin: raatalanhumppa@gmail.com .<\/li>\n<li dir=\"auto\">Videon voi kuvata puhelimella.<\/li>\n<li dir=\"auto\">Videossa pit\u00e4\u00e4 n\u00e4ky\u00e4 kilpailijan kasvot, ja \u00e4\u00e4nen on oltava selke\u00e4.<\/li>\n<li dir=\"auto\">Videon on oltava l\u00e4hetetty viimeist\u00e4\u00e4n <strong>1.3.2026<\/strong> klo 24.00.<\/li>\n<li dir=\"auto\">Ilmoita videon yhteydess\u00e4 viestiosiossa nimi ja yhteystiedot, my\u00f6s puhelinnumero.\u00a0<\/li>\n<\/ul>\n<div dir=\"auto\">\u00a0<\/div>\n<div dir=\"auto\"><strong>Semifinaali<\/strong><\/div>\n<ul>\n<li dir=\"auto\">Alkukarsinnoista valituksi tulleet 24 kilpailijaa saavat henkil\u00f6kohtaisesti kutsun semifinaaleihin s\u00e4hk\u00f6postiinsa 1.4.2026.<\/li>\n<li>S\u00e4hk\u00f6postissa ilmoitetaan lista lauluja, joista kilpailija valitsee mieluisensa laulun esitett\u00e4v\u00e4ksi semifinaalissa.<\/li>\n<li>Semifinaaleihin valituille osallistumismaksu on 30\u20ac. Maksu suoritetaan tilille FI36 51950220 0099 83, Humppamusiikin yst\u00e4v\u00e4t ry.<\/li>\n<li dir=\"auto\">Semifinaali k\u00e4yd\u00e4\u00e4n Raatalan Humpparallin alueella tiistaina <strong>7.7.2026<\/strong> klo 12.00.<\/li>\n<li dir=\"auto\">Alkukarsinnoista <strong>valittujen<\/strong> tulee olla <strong>paikalla<\/strong> viimeist\u00e4\u00e4n <strong>klo 11.00<\/strong>. Osoite: M\u00e4entie 210, 25320 Raatala.<\/li>\n<li dir=\"auto\">Semifinaali lauletaan taustojen kanssa ilman sanoja, eli opettele valitsemiesi kappaleiden tekstit.<\/li>\n<li dir=\"auto\">Semifinaalista finaaliin jatkaa yhteens\u00e4 12 kilpailijaa, kuusi kummastakin sarjasta. Molempien sarjojen kolme parasta palkitaan.<\/li>\n<\/ul>\n<div dir=\"auto\">\u00a0<\/div>\n<div dir=\"auto\"><strong>Finaali<\/strong><\/div>\n<ul>\n<li dir=\"auto\">Finaali k\u00e4yd\u00e4\u00e4n orkesterin s\u00e4est\u00e4m\u00e4n\u00e4 my\u00f6s 7.7.2026, semifinaalin j\u00e4lkeen.<\/li>\n<li dir=\"auto\">Kuten semifinaalissa, kilpailijoiden tulee osata kappaleen sanat ulkoa.<\/li>\n<li dir=\"auto\">Kilpailija laulaa yhden humpan ja yhden laulun jotain muuta lajia, kahdessa kierroksessa.<\/li>\n<li dir=\"auto\">Finaalilaulut arvotaan semifinaalin j\u00e4lkeen kun tuomaristo on p\u00e4\u00e4tt\u00e4nyt finalistit.<\/li>\n<li dir=\"auto\">Arvottavat laulut ilmoitetaan listalla 1.4. tulleessa s\u00e4hk\u00f6postissa.<\/li>\n<li>Finaali l\u00e4hetet\u00e4\u00e4n reaaliajassa netti-tv:ss\u00e4 Humpparallin omilla verkkosivuilla ja sosiaalisen median kanavilla.<\/li>\n<\/ul>\n<div dir=\"auto\">\u00a0<\/div>\n<div dir=\"auto\"><strong>Palkinnot<\/strong><\/div>\n<ul>\n<li dir=\"auto\">Molemmista sarjoista kolme parasta palkitaan lahjakortein ja tuotepalkinnoin.<\/li>\n<li dir=\"auto\">Ensimm\u00e4iselle sijalle tulleet voittavat 18-vaihteisen maastopy\u00f6r\u00e4n ja Viking Line -lahjakortit<\/li>\n<li dir=\"auto\">Toiselle sijallee tulleet voittavat 100\u20ac S-ryhm\u00e4 ja Viking Line -lahjakortit<\/li>\n<li dir=\"auto\">Kolmannelle sijalle tulleet voittavat Viking Line -lahjakortit<\/li>\n<li dir=\"auto\">Lis\u00e4ksi osallistujille annetaan Humpparallipaita ja diplomi<\/li>\n<\/ul>\n<p>&nbsp;<\/p>\n<p>Tuomaristomme koostuu arvovaltaisista musiikinalan ammattilaisista: Katja Karisukki, Arto Nuotio, Jussi Lammela ja Niko Rantanen.<\/p>\n<p>Kilpailija vastaa itse matka- ja majoituskustannuksista kilpailun aikana ja sitoutuu olemaan paikalla yll\u00e4 mainittuna ajankohtana.<\/p>\n<p>Tiedustelut \/ ongelmatilanteissa voitte olla yhteydess\u00e4 raatalanhumppa@gmail.com tai 0408434779.<\/p>\n<p>Kilpailun j\u00e4rjest\u00e4\u00e4 Humppamusiikin yst\u00e4v\u00e4t ry. J\u00e4rjest\u00e4j\u00e4 pid\u00e4tt\u00e4\u00e4 oikeuden muutoksiin.<\/p>","protected":false},"excerpt":{"rendered":"<p>Humppamestarit -laulukilpailu julkaistaan toista kertaa!Kilpailussa etsit\u00e4\u00e4n Humppamestareita miesten ja naisten sarjoissa ilman osallistujien ik\u00e4rajaa.Alkukarsintavideoita voi nyt l\u00e4hett\u00e4\u00e4! \u00a0 Alkukarsinta Alkukarsinnassa kilpailija laulaa ja \u00e4\u00e4nitt\u00e4\u00e4 itse valitsemansa humpan videolle, joka l\u00e4hetet\u00e4\u00e4n s\u00e4hk\u00f6postiin: raatalanhumppa@gmail.com . Videon voi kuvata puhelimella. Videossa pit\u00e4\u00e4 n\u00e4ky\u00e4 kilpailijan kasvot, ja \u00e4\u00e4nen on oltava selke\u00e4. Videon on oltava l\u00e4hetetty viimeist\u00e4\u00e4n 1.3.2026 klo 24.00. [&hellip;]<\/p>\n","protected":false},"author":6,"featured_media":0,"parent":0,"menu_order":0,"comment_status":"closed","ping_status":"closed","template":"page-info.php","meta":{"footnotes":""},"class_list":["post-1018","page","type-page","status-publish","hentry"],"_links":{"self":[{"href":"https:\/\/humpparalli.in\/index.php?rest_route=\/wp\/v2\/pages\/1018","targetHints":{"allow":["GET"]}}],"collection":[{"href":"https:\/\/humpparalli.in\/index.php?rest_route=\/wp\/v2\/pages"}],"about":[{"href":"https:\/\/humpparalli.in\/index.php?rest_route=\/wp\/v2\/types\/page"}],"author":[{"embeddable":true,"href":"https:\/\/humpparalli.in\/index.php?rest_route=\/wp\/v2\/users\/6"}],"replies":[{"embeddable":true,"href":"https:\/\/humpparalli.in\/index.php?rest_route=%2Fwp%2Fv2%2Fcomments&post=1018"}],"version-history":[{"count":21,"href":"https:\/\/humpparalli.in\/index.php?rest_route=\/wp\/v2\/pages\/1018\/revisions"}],"predecessor-version":[{"id":1420,"href":"https:\/\/humpparalli.in\/index.php?rest_route=\/wp\/v2\/pages\/1018\/revisions\/1420"}],"wp:attachment":[{"href":"https:\/\/humpparalli.in\/index.php?rest_route=%2Fwp%2Fv2%2Fmedia&parent=1018"}],"curies":[{"name":"wp","href":"https:\/\/api.w.org\/{rel}","templated":true}]}}