{"id":207,"date":"2026-03-08T01:37:57","date_gmt":"2026-03-07T23:37:57","guid":{"rendered":"http:\/\/dev.humpparalli.in\/?page_id=207"},"modified":"2026-04-16T21:03:16","modified_gmt":"2026-04-16T18:03:16","slug":"etusivu","status":"publish","type":"page","link":"https:\/\/humpparalli.in\/","title":{"rendered":"Etusivu"},"content":{"rendered":"\n<h2 class=\"wp-block-heading has-text-align-center\"><br>Tervetuloa Raatalan Humpparalliin j\u00e4lleen<br>4.7-10.7.2026!<\/h2>\n\n\n<p style=\"text-align: center;\">Humpparalli j\u00e4rjestet\u00e4\u00e4n tuttuun tapaan hein\u00e4kuun alussa Salon Raatalassa. Luvassa on loistavia artisteja koko viikon ajan niin tanssisalin kuin ulkolavankin puolella. Suuren suosion saanut Humppaspurtti\u2122 mittaa tanssijoiden humppakuntoa joka ilta noin kello 22:00 alkaen! Lauantaina 4.7. kello 18.00 alkaen on my\u00f6s Rock\u2019n\u2019 Roll -henkinen harrasteajoneuvotapahtuma Burning love rockin\u2019 party! Viikkoon mahtuu my\u00f6s reilusti muuta ohjelmaa aina tanssikursseista laulukilpailuun. Varaa siis aika kalenterista ja saavu Raatalaan nauttimaan kes\u00e4n ja musiikin taikaa!<\/p>\n<h3 style=\"text-align: center;\">Humpparallin 2026 ensimm\u00e4iset artistit on julkaistu!<\/h3>\n<p style=\"text-align: center;\">Tanssiladon tunnelman r\u00e4j\u00e4ytt\u00e4\u00e4 Marko Haavisto &amp; Poutahaukat yhdess\u00e4 Mr. Breathless pianotaiturin kanssa!<\/p>\n<p style=\"text-align: center;\">Korvia hivelev\u00e4\u00e4 tanssimusiikkia tarjoaa tangokuningas Kari Hirvonen ja Onnent\u00e4hti-orkesteri!<\/p>\n<p style=\"text-align: center;\">Tanssikansan jalat laittaa keskiviikkona liikkeelle Eino Gr\u00f6n, Aki Samuli, sek\u00e4 Ky\u00f6sti M\u00e4kimattila &amp; Ajaton sointu!<\/p>\n<p style=\"text-align: center;\">\u00a0<\/p>\n\n\n<p class=\"has-text-align-center\">Katso vuoden 2026 julkaistut esiintyj\u00e4t:<\/p>\n\n\n\n<div class=\"wp-block-buttons is-content-justification-center is-layout-flex wp-container-core-buttons-is-layout-1 wp-block-buttons-is-layout-flex\">\n<div class=\"wp-block-button is-style-outline is-style-outline--1\"><a class=\"wp-block-button__link wp-element-button\" href=\"https:\/\/humpparalli.in\/?page_id=1074\" style=\"border-radius:0px\" target=\"_blank\" rel=\"noreferrer noopener\">Katso esiintyj\u00e4t t\u00e4\u00e4lt\u00e4!<\/a><\/div>\n<\/div>\n\n\n\n<p class=\"has-text-align-center\"><br><br><strong>Raatalan Humpparallin laulukilpailun alkukarsinta on p\u00e4\u00e4ttynyt<\/strong>!<br>Kiitos kaikille osallistujille. Kilpailuun liittyv\u00e4t ohjeet t\u00e4\u00e4lt\u00e4:<br>&nbsp;<\/p>\n\n\n\n<div class=\"wp-block-buttons is-content-justification-center is-layout-flex wp-container-core-buttons-is-layout-2 wp-block-buttons-is-layout-flex\">\n<div class=\"wp-block-button is-style-outline is-style-outline--2\"><a class=\"wp-block-button__link has-text-align-center wp-element-button\" href=\"https:\/\/humpparalli.in\/?page_id=1018\" style=\"border-radius:0px\">Laulukilpailu<\/a><\/div>\n<\/div>\n\n\n\n<p class=\"has-text-align-center\"><\/p>\n\n\n\n<h4 class=\"wp-block-heading has-text-align-center\"><mark style=\"background-color:rgba(0, 0, 0, 0);color:#f01414\" class=\"has-inline-color\"><br><\/mark><\/h4>\n\n\n\n<figure class=\"wp-block-embed aligncenter is-type-video is-provider-youtube wp-block-embed-youtube wp-embed-aspect-16-9 wp-has-aspect-ratio\"><div align=\"center\" class=\"wp-block-embed__wrapper\">\n<iframe loading=\"lazy\" title=\"Humpparalli Dronevideo 2025\" width=\"500\" height=\"281\" src=\"https:\/\/www.youtube.com\/embed\/CCsSFwk0Bns?feature=oembed\" frameborder=\"0\" allow=\"accelerometer; autoplay; clipboard-write; encrypted-media; gyroscope; picture-in-picture; web-share\" referrerpolicy=\"strict-origin-when-cross-origin\" allowfullscreen><\/iframe>\n<\/div><\/figure>\n\n\n\n<p><\/p>\n\n\n\n<div class=\"wp-block-columns is-layout-flex wp-container-core-columns-is-layout-1 wp-block-columns-is-layout-flex\">\n<div class=\"wp-block-column is-layout-flow wp-block-column-is-layout-flow\" style=\"flex-basis:24%\"><\/div>\n\n\n\n<div class=\"wp-block-column is-layout-flow wp-block-column-is-layout-flow\" style=\"flex-basis:50%\"><\/div>\n\n\n\n<div class=\"wp-block-column is-layout-flow wp-block-column-is-layout-flow\" style=\"flex-basis:24%\"><\/div>\n<\/div>\n\n\n\n<p><\/p>\n","protected":false},"excerpt":{"rendered":"<p>Tervetuloa Raatalan Humpparalliin j\u00e4lleen4.7-10.7.2026! Humpparalli j\u00e4rjestet\u00e4\u00e4n tuttuun tapaan hein\u00e4kuun alussa Salon Raatalassa. Luvassa on loistavia artisteja koko viikon ajan niin tanssisalin kuin ulkolavankin puolella. Suuren suosion saanut Humppaspurtti\u2122 mittaa tanssijoiden humppakuntoa joka ilta noin kello 22:00 alkaen! Lauantaina 4.7. kello 18.00 alkaen on my\u00f6s Rock\u2019n\u2019 Roll -henkinen harrasteajoneuvotapahtuma Burning love rockin\u2019 party! Viikkoon mahtuu my\u00f6s [&hellip;]<\/p>\n","protected":false},"author":6,"featured_media":0,"parent":0,"menu_order":0,"comment_status":"closed","ping_status":"closed","template":"front-page.php","meta":{"footnotes":""},"class_list":["post-207","page","type-page","status-publish","hentry"],"_links":{"self":[{"href":"https:\/\/humpparalli.in\/index.php?rest_route=\/wp\/v2\/pages\/207","targetHints":{"allow":["GET"]}}],"collection":[{"href":"https:\/\/humpparalli.in\/index.php?rest_route=\/wp\/v2\/pages"}],"about":[{"href":"https:\/\/humpparalli.in\/index.php?rest_route=\/wp\/v2\/types\/page"}],"author":[{"embeddable":true,"href":"https:\/\/humpparalli.in\/index.php?rest_route=\/wp\/v2\/users\/6"}],"replies":[{"embeddable":true,"href":"https:\/\/humpparalli.in\/index.php?rest_route=%2Fwp%2Fv2%2Fcomments&post=207"}],"version-history":[{"count":196,"href":"https:\/\/humpparalli.in\/index.php?rest_route=\/wp\/v2\/pages\/207\/revisions"}],"predecessor-version":[{"id":1519,"href":"https:\/\/humpparalli.in\/index.php?rest_route=\/wp\/v2\/pages\/207\/revisions\/1519"}],"wp:attachment":[{"href":"https:\/\/humpparalli.in\/index.php?rest_route=%2Fwp%2Fv2%2Fmedia&parent=207"}],"curies":[{"name":"wp","href":"https:\/\/api.w.org\/{rel}","templated":true}]}}