{"id":211,"date":"2018-05-29T21:59:09","date_gmt":"2018-05-29T18:59:09","guid":{"rendered":"http:\/\/dev.humpparalli.in\/?page_id=211"},"modified":"2026-03-13T00:11:21","modified_gmt":"2026-03-12T22:11:21","slug":"humpparalli-info","status":"publish","type":"page","link":"https:\/\/humpparalli.in\/?page_id=211","title":{"rendered":"Humpparalli"},"content":{"rendered":"<h2 style=\"text-align: center;\">Mist\u00e4 on siis kyse?<\/h2>\n<p><span style=\"font-weight: 400;\">Raatalan Humpparalli on viikon kest\u00e4v\u00e4 festivaalityyppinen musiikkiin ja tanssiin painottuva tapahtuma. J\u00e4rjest\u00e4j\u00e4n\u00e4 toimii Humppamusiikin yst\u00e4v\u00e4t ry. <\/span><span style=\"font-weight: 400;\">Tapahtuman sijaintipaikka on \u201dKauppilan lato\u201d ymp\u00e4rist\u00f6ineen. Aito perinteinen 200 + 50 neli\u00f6n puimalato hyv\u00e4ll\u00e4 tanssilattialla ainutlaatuisessa maalaisymp\u00e4rist\u00f6ss\u00e4. Paikka on tunnettu tanssitoiminnasta jo vuodesta 1974 l\u00e4htien.<\/span><\/p>\n<p><span style=\"font-weight: 400;\">Tapahtuma l\u00f6ytyy Varsinais-Suomesta Salon kaupungista Raatalan kyl\u00e4st\u00e4 osoitteesta M\u00e4entie 210<\/span><\/p>\n<h2 style=\"text-align: center;\">Ohjelma tiivistetysti<\/h2>\n<p><span style=\"font-weight: 400;\">Viikon aikana esiintyy 21 tanssiorkesteria eli kolme per joka ilta klo. 19.00- 01.00 v\u00e4lill\u00e4.\u00a0<\/span><span style=\"font-weight: 400;\">Tapahtumassa soi musiikki ymp\u00e4ri vuorokauden.<\/span> I<span style=\"font-weight: 400;\">ltaisin esiintyv\u00e4t orkesterit ja muina aikoina soi levymusiikki. Ohjelmisto koostuu humpan lis\u00e4ksi normaalista lavatanssimusiikista.\u00a0<\/span><span style=\"font-weight: 400;\">Tanssiladon lis\u00e4ksi pihalla on katettu ulkolava tanssimiseen ja siin\u00e4 on koko ajan \u00a0ymp\u00e4rivuorokautinen tanssimahdollisuus. Esiintyjien aikana t\u00e4m\u00e4 on maksullinen mutta muina aikoina ilmainen.<\/span><\/p>\n<p><span style=\"font-weight: 400;\">Jokaisena iltana j\u00e4rjestet\u00e4\u00e4n rallin pikataival \u00a0<\/span><b>\u201d<\/b><span style=\"font-weight: 400;\">Humppaspurtti\u201d, mink\u00e4 aikana tanssijoilla on mahdollisuus mitata oma humppakunto. Spurtin kesto on noin 25-35 min.<\/span><\/p>\n<p><span style=\"font-weight: 400;\">Tapahtuman yhteydess\u00e4 j\u00e4rjestet\u00e4\u00e4n my\u00f6s p\u00e4iv\u00e4ohjelmaa, kuten tannssikursseja, yhteislaulua ja sunnnuntaina kirkoollinen messu. Karaokea voi laulaa tapahtuman jokaisena iltana.<\/span><\/p>\n<ul>\n<li style=\"list-style-type: none;\">\n<ul><!--\n \t\n\n<li><span style=\"font-weight: 400;\">Torstaina 14.7 yhteislaulutilaisuus\u00a0<\/span><\/li>\n\n\n--><\/ul>\n<\/li>\n<\/ul>\n<ul>\n<li style=\"list-style-type: none;\">\n<ul><!--\n \t\n\n<li>Tanssikursseja j\u00e4rjestet\u00e4\u00e4n tiistaina, keskiviikkona ja torstaina ennen tanssien alkua klo. 17:00 alkaen.<\/li>\n\n\n--><\/ul>\n<\/li>\n<\/ul>\n<p><span style=\"font-weight: 400;\">Ulkoalueelta l\u00f6ytyy olutteltta ja oma ohjelmalava miss\u00e4 ohjelma on enemm\u00e4n pop ja rock henkist\u00e4.<\/span><\/p>\n<p><span style=\"font-weight: 400;\">P\u00e4ivitt\u00e4in paikalla on my\u00f6s museoajoneuvoja, &#8211; traktoreita ja vanhoja ty\u00f6koneita.<\/span><\/p>\n<h3 style=\"text-align: center;\">Burning Love Rockin&#8217; Party<\/h3>\n<p><span style=\"font-weight: 400;\">Lauantaina klo. 18.00 alkaen j\u00e4rjestet\u00e4\u00e4n Rock &#8216;n&#8217; Roll -henkinen harrasteajoneuvotapahtuma Burning Love Rockin&#8217; Party. Burning Love Rockin&#8217; Party tarjoaa my\u00f6s Rock-musiikkia ulkolavalla 18:00 alkaen. Harrastteajoneuvolla saapuville tapahtuma on maksuton.<\/span><\/p>\n<h2 style=\"text-align: center;\">Lipunmyynti<\/h2>\n<p>Alle 12- vuotiailla on ilmainen sis\u00e4\u00e4np\u00e4\u00e4sy. Lauantaina harrasteajoneuvoilla saapuvilla on ilmainen sis\u00e4\u00e4np\u00e4\u00e4sy ulkoalueelle. Sunnuntaista torstaihin ulkoalueelle on vapaa p\u00e4\u00e4sy. Liput ulkoalueelle ja tansseihin voi hankkia tapahtuma-alueen lipunmyynnist\u00e4 seuraavin hinnoin:<\/p>\n<ul>\n<li>Ulkoalue (ilmainen su-to) 15 \u20ac<\/li>\n<li>Tanssilippu (sis. ulkoalue) 25 \u20ac &#8211; paitsi keskiviikko xx\u20ac<\/li>\n<li>Tanssipassi 7 p\u00e4iv\u00e4\u00e4 125 \u20ac<\/li>\n<li>Humppalaulukilpailun semifinaali 10 \u20ac<\/li>\n<\/ul>\n<p>Matkailuajoneuvoilla saapuville s\u00e4hk\u00f6 on 5 \u20ac \/ vrk, muutoin paikoitus on ilmaista niin yleis\u00f6lle kuin matkailijoille. M\u00e4ksuv\u00e4lineen\u00e4 k\u00e4y k\u00e4teinen ja yleiset maksukortit.<\/p>\n<h2 style=\"text-align: center;\">Kahviot<\/h2>\n<p>Kahviaitta ja tanssipaikan kahvio-ravintola ovat avoinna iltaisin tai tilauksesta muuna aikana. Maksuv\u00e4lineeksi kelpaa k\u00e4teinen ja yleiset maksukortit.<\/p>\n<h2 style=\"text-align: center;\">Tapahtuma-alue<\/h2>\n<p>Tapahtuma-alueen ymp\u00e4rist\u00f6ss\u00e4 on laajat nurmikent\u00e4t k\u00e4ytett\u00e4viss\u00e4 harrasteajoneuvojen tai matkailijoiden parkkeeraukseen ja y\u00f6pymiseen. Vesipiste sek\u00e4 s\u00e4hk\u00f6liittym\u00e4 l\u00f6ytyy. Ymp\u00e4rist\u00f6 on luonnonkaunista Varsinais-Suomalaista pelto- ja jokivarsimaisemaa. Ulkoalueelta l\u00f6ytyy olutteltta ja oma ohjelmalava, jonka ohjelma on enemm\u00e4n pop &#8211; rock henkist\u00e4.<\/p>\n<p><span style=\"font-weight: 400;\">Paikalla koko viikon ajan on \u00a0\u201dhumppakoju\u201d, miss\u00e4 on tietoiskuja yhdistyksest\u00e4 ja paikasta, sek\u00e4 humppatietovisailukaavakkeita, palautelaatikko, esiintyjien mainoksia, muuta materiaalia edellisvuotisista ralleista ja tietoa paikallisista n\u00e4ht\u00e4vyyksist\u00e4. <\/span><span style=\"font-weight: 400;\">Humppatietovisailun<\/span> <span style=\"font-weight: 400;\">parhaat palkitaan ja arvonta kaikkien osallistuneiden kesken viimeisen\u00e4 p\u00e4iv\u00e4n\u00e4.<\/span><\/p>\n<h2 style=\"text-align: center;\">Netti-TV &amp; -Radio<\/h2>\n<p><span style=\"font-weight: 400;\">Rallin tapahtumia voi seurata my\u00f6s netti- tv:n ja radion v\u00e4lityksell\u00e4<\/span><\/p>\n<p><span style=\"font-weight: 400;\">Lis\u00e4tietoja saa sivuilta\u00a0<\/span><a href=\"http:\/\/www.humppa.fi\/\"><span style=\"font-weight: 400;\">www.humppa.fi<\/span><\/a><a href=\"http:\/\/www.humpparalli.in\/\"><span style=\"font-weight: 400;\">\u00a0<\/span><\/a><span style=\"font-weight: 400;\">ja Yhdistyksen puheenjohtajalta Kimmo Haapanen nro 050 4016303, kimmo@suomenesityspalvelu.fi\u00a0<\/span><span style=\"font-weight: 400;\">tai sihteerilt\u00e4 Juha V\u00e4h\u00e4-Heikkil\u00e4 nro 0500 901747, jvh@suomenesityspalvelu.fi<\/span><\/p>\n","protected":false},"excerpt":{"rendered":"<p>Mist\u00e4 on siis kyse? Raatalan Humpparalli on viikon kest\u00e4v\u00e4 festivaalityyppinen musiikkiin ja tanssiin painottuva tapahtuma. J\u00e4rjest\u00e4j\u00e4n\u00e4 toimii Humppamusiikin yst\u00e4v\u00e4t ry. Tapahtuman sijaintipaikka on \u201dKauppilan lato\u201d ymp\u00e4rist\u00f6ineen. Aito perinteinen 200 + 50 neli\u00f6n puimalato hyv\u00e4ll\u00e4 tanssilattialla ainutlaatuisessa maalaisymp\u00e4rist\u00f6ss\u00e4. Paikka on tunnettu tanssitoiminnasta jo vuodesta 1974 l\u00e4htien. Tapahtuma l\u00f6ytyy Varsinais-Suomesta Salon kaupungista Raatalan kyl\u00e4st\u00e4 osoitteesta M\u00e4entie 210 [&hellip;]<\/p>\n","protected":false},"author":5,"featured_media":0,"parent":0,"menu_order":0,"comment_status":"closed","ping_status":"closed","template":"page-info.php","meta":{"footnotes":""},"class_list":["post-211","page","type-page","status-publish","hentry"],"_links":{"self":[{"href":"https:\/\/humpparalli.in\/index.php?rest_route=\/wp\/v2\/pages\/211","targetHints":{"allow":["GET"]}}],"collection":[{"href":"https:\/\/humpparalli.in\/index.php?rest_route=\/wp\/v2\/pages"}],"about":[{"href":"https:\/\/humpparalli.in\/index.php?rest_route=\/wp\/v2\/types\/page"}],"author":[{"embeddable":true,"href":"https:\/\/humpparalli.in\/index.php?rest_route=\/wp\/v2\/users\/5"}],"replies":[{"embeddable":true,"href":"https:\/\/humpparalli.in\/index.php?rest_route=%2Fwp%2Fv2%2Fcomments&post=211"}],"version-history":[{"count":37,"href":"https:\/\/humpparalli.in\/index.php?rest_route=\/wp\/v2\/pages\/211\/revisions"}],"predecessor-version":[{"id":1475,"href":"https:\/\/humpparalli.in\/index.php?rest_route=\/wp\/v2\/pages\/211\/revisions\/1475"}],"wp:attachment":[{"href":"https:\/\/humpparalli.in\/index.php?rest_route=%2Fwp%2Fv2%2Fmedia&parent=211"}],"curies":[{"name":"wp","href":"https:\/\/api.w.org\/{rel}","templated":true}]}}