{"id":214,"date":"2018-05-29T22:16:18","date_gmt":"2018-05-29T19:16:18","guid":{"rendered":"http:\/\/dev.humpparalli.in\/?page_id=214"},"modified":"2024-05-24T19:01:38","modified_gmt":"2024-05-24T16:01:38","slug":"esiintyja-info","status":"publish","type":"page","link":"https:\/\/humpparalli.in\/?page_id=214","title":{"rendered":"Esiintyjille"},"content":{"rendered":"<p><b>Yleisi\u00e4 ohjeita<\/b> <b>esiintyjille:<\/b><\/p>\n<ul>\n<li style=\"font-weight: 400;\"><span style=\"font-weight: 400;\">Esiintyj\u00e4t saavat artististeille tehdyt rintanapit. T\u00e4m\u00e4 oikeuttaa vapaaseen kulkuun ja \u00a0ilmaiseen sis\u00e4\u00e4np\u00e4\u00e4syyn alueelle koko viikon ajan my\u00f6s ennen omaa esiintymisp\u00e4iv\u00e4\u00e4. Merkkej\u00e4 saa lippuluukulta.<\/span><\/li>\n<li style=\"font-weight: 400;\"><span style=\"font-weight: 400;\">Esiintyj\u00e4t saavat kahvia (ei pulla yms.) ilmaiseksi kahviaitasta ja ravintolasta. J\u00e4rjest\u00e4j\u00e4 jakaa kahvi\/ pulla\/ juotava- ja makkaralipukkeet erikseen.<\/span><\/li>\n<li style=\"font-weight: 400;\"><span style=\"font-weight: 400;\">Esiintyjille on esiintymisp\u00e4iv\u00e4n\u00e4 varattu l\u00e4mmin ruoka ennen esiintymist\u00e4 noin klo. 18.30. Ruoka on tarjolla Mattilan vanhassa p\u00e4\u00e4rakennuksessa alapihalla.<\/span><\/li>\n<li style=\"font-weight: 400;\"><span style=\"font-weight: 400;\">Paikalla on valmiina PA -laitteet, monitorit, mikrofonit, valot yms. Katso lista lopusta. Paikalla talon puolesta \u00e4\u00e4nimies (molemmilla lavoilla), joka my\u00f6s hoitaa miksausta. Orkesterit tuovat omat henkil\u00f6kohtaiset soittimensa, nuottitelineet ja vahvistimensa. Yhteisk\u00e4yt\u00f6st\u00e4 orkesterit sopivat kesken\u00e4\u00e4n. Kolmen orkesterin illoilla tanssiladon puolella tulee olemaan ahdasta ja toivomus olisi ett\u00e4 p\u00e4rj\u00e4tt\u00e4isiin kaksilla rummuilla.<\/span><\/li>\n<li style=\"font-weight: 400;\"><span style=\"font-weight: 400;\">Ajoneuvot parkkeerataan niille osoitetulle alueelle. <a href=\"https:\/\/humpparalli.in\/?page_id=421\" target=\"_blank\" rel=\"noopener\">Kartta<\/a><\/span><\/li>\n<li style=\"font-weight: 400;\"><span style=\"font-weight: 400;\">Esiintyjien julisteita otetaan mielell\u00e4\u00e4n vastaan jo aikaisemmin ennen ralliviikkoa. N\u00e4it\u00e4 k\u00e4ytet\u00e4\u00e4n l\u00e4hinn\u00e4 huvialueella.<\/span><\/li>\n<li style=\"font-weight: 400;\"><span style=\"font-weight: 400;\">Esiintyjien puhelinnumeroita saa tarvittaessa Kimmolta ja Juhalta.<\/span><\/li>\n<\/ul>\n<p><b>Ohjeita tanssiorkestereille:<\/b><\/p>\n<ul>\n<li style=\"font-weight: 400;\"><span style=\"font-weight: 400;\">Esiintymisaika tanssiladon puolella 19.00- 01.00 joka p\u00e4iv\u00e4<\/span><\/li>\n<li style=\"font-weight: 400;\"><span style=\"font-weight: 400;\">Soittoajat l\u00e4ht\u00f6kohtaisesti 2 x 45 min ja 1 x 30 min orkesteria kohden. J\u00e4rjest\u00e4j\u00e4 m\u00e4\u00e4r\u00e4\u00e4 soittoj\u00e4rjestyksen ja soittoajat neuvotellen esiintyjien kesken. Ohjelmassa pit\u00e4\u00e4 huomioida muu ohjelma sek\u00e4 ett\u00e4 humppaspurtti saadaan sovitettua illan muuhun ohjelmaan.<\/span><\/li>\n<li style=\"font-weight: 400;\"><span style=\"font-weight: 400;\">Joka ilta on \u201dHumppaspurtti\u201d. T\u00e4m\u00e4 on taukoamaton humppasikerm\u00e4, jonka kesto on noin puoli tuntia. Hyv\u00e4ksi k\u00e4yt\u00e4nn\u00f6ksi on osoittautunut, ett\u00e4 orkesterit tekev\u00e4t vaihdon lennosta, jolloin yhden orkesterin soittoajaksi tulee noin 10 &#8211; 15 min. Humppaspurtti ajoittuu noin kello 22.00- 23.00 v\u00e4lille. Aikaisempina vuosina systeemi on toiminut hienosti ja on ollut suosittu yleis\u00f6n keskuudessa.<\/span><\/li>\n<li style=\"font-weight: 400;\"><span style=\"font-weight: 400;\">Ohjelmisto saa olla jokaisen orkesterin omaa vakio-ohjelmistoa, kuitenkin tanssilavoille sopivaa musiikkia.<\/span><\/li>\n<li style=\"font-weight: 400;\"><span style=\"font-weight: 400;\">Paikalle on hyv\u00e4 saapua ajoissa ruuhkan v\u00e4ltt\u00e4miseksi. Mielell\u00e4\u00e4n kello 16.00-18.00 v\u00e4lisen\u00e4 aikana<\/span><\/li>\n<li style=\"font-weight: 400;\"><span style=\"font-weight: 400;\">Esitykset l\u00e4hetet\u00e4\u00e4n suorana nettiin, mink\u00e4 lis\u00e4ksi edellisen illan orkesterit ovat kuultavina seuraavana p\u00e4iv\u00e4n\u00e4. Lis\u00e4ksi Rallin j\u00e4lkeen l\u00e4hetykset jatkuvat noin viikon ajan. Tallenteet ovat saatavana my\u00f6s erikseen j\u00e4rjest\u00e4jilt\u00e4.<\/span><\/li>\n<\/ul>\n<p><b>Ohjeita ulkolavan esiintyjille:<\/b><\/p>\n<ul>\n<li style=\"font-weight: 400;\"><span style=\"font-weight: 400;\">Esiintymisaika klo.19.00- 24.00 v\u00e4lisen\u00e4 aikana.<\/span><\/li>\n<li style=\"font-weight: 400;\"><span style=\"font-weight: 400;\">Esiintyj\u00e4t saavat valita itse esiintymisaikansa ja \u2013ohjelmistonsa<\/span><\/li>\n<li style=\"font-weight: 400;\"><span style=\"font-weight: 400;\">Suotavaa olisi olla paikalla tekniikan takia kaksi tuntia ennen ajateltua esiintymisaikaa<\/span><\/li>\n<\/ul>\n<p><b>Tekniikkaa hoitaa<\/b><\/p>\n<p style=\"padding-left: 30px;\"><span style=\"font-weight: 400;\">Juha V\u00e4h\u00e4-Heikkil\u00e4<\/span> &#8211; <span style=\"font-weight: 400;\">Tanssilato ja ulkolava \u00e4\u00e4ni &#8211; <\/span><span style=\"font-weight: 400;\">0500 901747<\/span><\/p>\n<p style=\"padding-left: 30px;\"><span style=\"font-weight: 400;\">Topias Heikkinen &#8211;<\/span> <span style=\"font-weight: 400;\">Tanssilato ja ulkolava \u00e4\u00e4ni &#8211;<\/span> <span style=\"font-weight: 400;\">0440 691354<\/span><\/p>\n<p style=\"padding-left: 30px;\"><span style=\"font-weight: 400;\">Antti Nieminen &#8211;<\/span> <span style=\"font-weight: 400;\">Valot, s\u00e4hk\u00f6t, \u00e4\u00e4nentoisto &#8211;<\/span> <span style=\"font-weight: 400;\">040 8658635<\/span><\/p>\n<p style=\"padding-left: 30px;\"><span style=\"font-weight: 400;\">Pasi Salminen<\/span> &#8211; <span style=\"font-weight: 400;\">Netti<\/span> &#8211; <span style=\"font-weight: 400;\">0400 533984, tekniikka@humpparalli.fi<\/span><\/p>\n<p><b>Kiinteist\u00f6st\u00e4 ja muusta vastaa<\/b><\/p>\n<p style=\"padding-left: 30px;\"><span style=\"font-weight: 400;\">Kimmo Haapanen &#8211;<\/span> <span style=\"font-weight: 400;\">Lavap\u00e4\u00e4llikk\u00f6 &#8211;<\/span> <span style=\"font-weight: 400;\">050 4016303<\/span><\/p>\n<p><b>Ravintolasta ja kahviaitasta vastaa<\/b><\/p>\n<p><b>\u00c4\u00e4ni ja valokalusto<\/b><span style=\"font-weight: 400;\"> on Suomen Esityspalvelu ky:n kalustoa, jota k\u00e4yt\u00f6ss\u00e4 mm. seuraavasti:<\/span><\/p>\n<p><b>Tanssilato:<\/b><\/p>\n<p style=\"padding-left: 30px;\"><span style=\"font-weight: 400;\">PA:<\/span> <span style=\"font-weight: 400;\">Kling &amp; Freitag Line 212 + sub<\/span><\/p>\n<p style=\"padding-left: 30px;\"><span style=\"font-weight: 400;\">Monitorit:<\/span> <span style=\"font-weight: 400;\">Nexo PS 8 ym.<\/span><\/p>\n<p style=\"padding-left: 30px;\"><span style=\"font-weight: 400;\">Voc mic:<\/span> <span style=\"font-weight: 400;\">Shure SM 58<\/span><\/p>\n<p style=\"padding-left: 30px;\"><span style=\"font-weight: 400;\">Rummut:<\/span> <span style=\"font-weight: 400;\">Shure Beta 52 (Bd), Shure 57 (Sn), Shure SM 81 (Oh)<\/span><\/p>\n<p style=\"padding-left: 30px;\"><span style=\"font-weight: 400;\">Mikseri:\u00a0<\/span> <span style=\"font-weight: 400;\">Yamaha LS9\/ 32, miksaus PC:ll\u00e4 salin puolelta<\/span><\/p>\n<p><b>Ulkolava:<\/b><\/p>\n<p style=\"padding-left: 30px;\"><span style=\"font-weight: 400;\">PA:<\/span> <span style=\"font-weight: 400;\">Kling &amp; Freitag Line 212 + Espa Horn sub<\/span><\/p>\n<p style=\"padding-left: 30px;\"><span style=\"font-weight: 400;\">Monitorit:<\/span> <span style=\"font-weight: 400;\">EsPa Line 12M ja 152M<\/span><\/p>\n<p style=\"padding-left: 30px;\"><span style=\"font-weight: 400;\">Voc mic:<\/span> <span style=\"font-weight: 400;\">Shure SM 58<\/span><\/p>\n<p style=\"padding-left: 30px;\"><span style=\"font-weight: 400;\">Rummut:<\/span> <span style=\"font-weight: 400;\">Shure Beta 52 (Bd), Shure 57 (Sn), Shure Beta 98 (Toms), R\u00f6de (Oh) ym.<\/span><\/p>\n<p style=\"padding-left: 30px;\"><span style=\"font-weight: 400;\">Mikseri:\u00a0<\/span> <span style=\"font-weight: 400;\">Yamaha LS9\/ 32 tai\u00a0<\/span><span style=\"font-weight: 400;\">Soundcraft Live 8 + efektirackki (3 x ef, master-eq,14x comp\/gate)<\/span><span style=\"font-weight: 400;\">, Behringer X32<\/span><\/p>\n","protected":false},"excerpt":{"rendered":"<p>Yleisi\u00e4 ohjeita esiintyjille: Esiintyj\u00e4t saavat artististeille tehdyt rintanapit. T\u00e4m\u00e4 oikeuttaa vapaaseen kulkuun ja \u00a0ilmaiseen sis\u00e4\u00e4np\u00e4\u00e4syyn alueelle koko viikon ajan my\u00f6s ennen omaa esiintymisp\u00e4iv\u00e4\u00e4. Merkkej\u00e4 saa lippuluukulta. Esiintyj\u00e4t saavat kahvia (ei pulla yms.) ilmaiseksi kahviaitasta ja ravintolasta. J\u00e4rjest\u00e4j\u00e4 jakaa kahvi\/ pulla\/ juotava- ja makkaralipukkeet erikseen. Esiintyjille on esiintymisp\u00e4iv\u00e4n\u00e4 varattu l\u00e4mmin ruoka ennen esiintymist\u00e4 noin klo. 18.30. [&hellip;]<\/p>\n","protected":false},"author":5,"featured_media":0,"parent":0,"menu_order":0,"comment_status":"closed","ping_status":"closed","template":"page-info.php","meta":{"footnotes":""},"class_list":["post-214","page","type-page","status-publish","hentry"],"_links":{"self":[{"href":"https:\/\/humpparalli.in\/index.php?rest_route=\/wp\/v2\/pages\/214","targetHints":{"allow":["GET"]}}],"collection":[{"href":"https:\/\/humpparalli.in\/index.php?rest_route=\/wp\/v2\/pages"}],"about":[{"href":"https:\/\/humpparalli.in\/index.php?rest_route=\/wp\/v2\/types\/page"}],"author":[{"embeddable":true,"href":"https:\/\/humpparalli.in\/index.php?rest_route=\/wp\/v2\/users\/5"}],"replies":[{"embeddable":true,"href":"https:\/\/humpparalli.in\/index.php?rest_route=%2Fwp%2Fv2%2Fcomments&post=214"}],"version-history":[{"count":6,"href":"https:\/\/humpparalli.in\/index.php?rest_route=\/wp\/v2\/pages\/214\/revisions"}],"predecessor-version":[{"id":939,"href":"https:\/\/humpparalli.in\/index.php?rest_route=\/wp\/v2\/pages\/214\/revisions\/939"}],"wp:attachment":[{"href":"https:\/\/humpparalli.in\/index.php?rest_route=%2Fwp%2Fv2%2Fmedia&parent=214"}],"curies":[{"name":"wp","href":"https:\/\/api.w.org\/{rel}","templated":true}]}}