{"id":217,"date":"2018-05-29T22:17:42","date_gmt":"2018-05-29T19:17:42","guid":{"rendered":"http:\/\/dev.humpparalli.in\/?page_id=217"},"modified":"2026-03-30T22:02:33","modified_gmt":"2026-03-30T19:02:33","slug":"matkailija-info","status":"publish","type":"page","link":"https:\/\/humpparalli.in\/?page_id=217","title":{"rendered":"Matkailijoille"},"content":{"rendered":"<p><a href=\"http:\/\/www.humppa.fi\/\"><span style=\"font-weight: 400;\">Humppamusiikin yst\u00e4v\u00e4t ry.<\/span><\/a><span style=\"font-weight: 400;\"> j\u00e4rjest\u00e4\u00e4 jo perinteeksi muodostuneen Raatalan Humpparallin hein\u00e4kuun alussa. Siis j\u00e4lleen tuttuun tyyliin viet\u00e4mme seitsem\u00e4n p\u00e4iv\u00e4\u00e4 nauttien hyv\u00e4st\u00e4 musiikista ja yhdess\u00e4olosta keskell\u00e4 kauneinta kes\u00e4\u00e4. Paikkana j\u00e4lleen aikaisemmilta vuosilta tuttu Kauppilan lato, jonka mainiolla lautalattialla kelpaa py\u00f6r\u00e4ht\u00e4\u00e4 kerran jos toisenkin.<\/span><\/p>\n<ul>\n<li style=\"font-weight: 400;\"><span style=\"font-weight: 400;\">Ajoneuvopaikoitus on ilmaista sek\u00e4 tanssiyleis\u00f6lle ett\u00e4 matkailijoille<\/span><\/li>\n<li style=\"font-weight: 400;\"><span style=\"font-weight: 400;\">Kummallekin on osoitettu omat alueensa<\/span><\/li>\n<li style=\"font-weight: 400;\"><span style=\"font-weight: 400;\">Matkailuajoneuvojen ja -vaunujen pys\u00e4k\u00f6intialueella on mahdollisuus s\u00e4hk\u00f6liitynn\u00e4lle<br \/>\nhintaan 5 euroa\/vrk. S\u00e4hk\u00f6paikkoja ei voi varata etuk\u00e4teen, vaan ne t\u00e4ytet\u00e4\u00e4n saapumisj\u00e4rjestyksess\u00e4. S\u00e4hk\u00f6paikkoja on reilusti.<\/span><\/li>\n<li>Huomioikaa, ett\u00e4 pys\u00e4k\u00f6intialueen s\u00e4hk\u00f6 joudutaan katkaisemaan tanssien ajaksi.<\/li>\n<li>Huomioikaa, ett\u00e4 pys\u00e4k\u00f6intialueella h\u00e4iritsev\u00e4 toiminta ja metel\u00f6inti on kielletty<\/li>\n<li style=\"font-weight: 400;\"><span style=\"font-weight: 400;\">Alueelta l\u00f6ytyy my\u00f6s hyvi\u00e4 telttapaikkoja<\/span><\/li>\n<li style=\"font-weight: 400;\"><span style=\"font-weight: 400;\">Koko alue on tasaista nurmikentt\u00e4\u00e4<\/span><\/li>\n<li style=\"font-weight: 400;\"><span style=\"font-weight: 400;\">Alueella WC:t, joissa k\u00e4sienpesumahdollisuus<\/span><\/li>\n<li style=\"font-weight: 400;\"><span style=\"font-weight: 400;\">Alueella on juomavesipiste<\/span><\/li>\n<li style=\"font-weight: 400;\"><span style=\"font-weight: 400;\">Alueella on my\u00f6s vanha sauna, jonka k\u00e4yt\u00f6st\u00e4 voi sopia omistajan kanssa<\/span><\/li>\n<li style=\"font-weight: 400;\"><span style=\"font-weight: 400;\">Huvialueella tanssipaikka, ravintola ja ravintolateltta, kahviaitta, olutteltta ja makkaragrilli. <\/span><\/li>\n<li style=\"font-weight: 400;\"><span style=\"font-weight: 400;\">Huvialueen (ulkoalue) p\u00e4\u00e4symaksu lauantaina sek\u00e4 perjantaina on 15 euroa. Su-to kaikille ilmainen. Lauantaina harrasteajoneuvoilla saapuneille jaetaan ilmainen ulkoalueranneke.<\/span><\/li>\n<li style=\"font-weight: 400;\"><span style=\"font-weight: 400;\">Tanssilippu (sis. huvialue) yhteens\u00e4 25 euroa\/ p\u00e4iv\u00e4<\/span><\/li>\n<li style=\"font-weight: 400;\"><span style=\"font-weight: 400;\">Viikon tanssipassi 125 euroa<\/span><\/li>\n<li style=\"font-weight: 400;\"><span style=\"font-weight: 400;\">Kahvio ja olutteltta on auki iltaisin. Tanssiladon ravintola iltaisin, p\u00e4iv\u00e4ohjelmien tauoilla sek\u00e4 muina aikoina sovittaessa<\/span><\/li>\n<li style=\"font-weight: 400;\"><span style=\"font-weight: 400;\">Ymp\u00e4rivuorokautinen tanssimahdollisuus. Illalla klo.19.00- 01.00 maksullinen, muuna aikana ilmainen<\/span><\/li>\n<li style=\"font-weight: 400;\"><span style=\"font-weight: 400;\">Joka ilta on \u201dHumppaspurtti\u201d, taukoamaton humppasikerm\u00e4, jonka kesto on noin puoli tuntia.<\/span><\/li>\n<li style=\"font-weight: 400;\"><span style=\"font-weight: 400;\">Tanssilato avoinna 19.00-01.00<\/span><\/li>\n<li style=\"font-weight: 400;\"><span style=\"font-weight: 400;\">Ulkolavalla esiintyji\u00e4 noin kello 20.00- 24.00 v\u00e4lisell\u00e4 ajalla esiintymisaikojen puitteissa<\/span><\/li>\n<li style=\"font-weight: 400;\"><span style=\"font-weight: 400;\">Olutteltta on avoinna kello 19.00- 24.00<\/span><\/li>\n<li style=\"font-weight: 400;\"><span style=\"font-weight: 400;\">\u201dHumppakoju\u201d miss\u00e4 mainosmateriaalia Humpparallista ym. kirjallista materiaalia<\/span><\/li>\n<li style=\"font-weight: 400;\"><span style=\"font-weight: 400;\">L\u00e4himm\u00e4t kaupat Kuusjoen Sale 10km, Kosken TL Sale 12km, ABC Piihovi Salo 19 km<\/span><\/li>\n<li style=\"font-weight: 400;\"><span style=\"font-weight: 400;\">L\u00e4himm\u00e4t uimarannat Liipolan j\u00e4rvi (Koski Tl) 8 km, Nummij\u00e4rvi (Salo, Kuusjoki) 10 km<\/span><\/li>\n<li style=\"font-weight: 400;\"><span style=\"font-weight: 400;\">Muita l\u00e4hell\u00e4 olevia n\u00e4ht\u00e4vyyksi\u00e4: Kaupin Linnan muistomerkki, Iloniemen lasimuseo, Marttilan er\u00e4reitist\u00f6<\/span><\/li>\n<\/ul>\n<p><b>Kiinteist\u00f6st\u00e4 ja muusta vastaa<\/b><\/p>\n<p style=\"padding-left: 30px;\"><span style=\"font-weight: 400;\">Kimmo Haapanen<\/span> <span style=\"font-weight: 400;\">Lavap\u00e4\u00e4llikk\u00f6<\/span> <span style=\"font-weight: 400;\">050 4016303<\/span><b><\/b><\/p>\n","protected":false},"excerpt":{"rendered":"<p>Humppamusiikin yst\u00e4v\u00e4t ry. j\u00e4rjest\u00e4\u00e4 jo perinteeksi muodostuneen Raatalan Humpparallin hein\u00e4kuun alussa. Siis j\u00e4lleen tuttuun tyyliin viet\u00e4mme seitsem\u00e4n p\u00e4iv\u00e4\u00e4 nauttien hyv\u00e4st\u00e4 musiikista ja yhdess\u00e4olosta keskell\u00e4 kauneinta kes\u00e4\u00e4. Paikkana j\u00e4lleen aikaisemmilta vuosilta tuttu Kauppilan lato, jonka mainiolla lautalattialla kelpaa py\u00f6r\u00e4ht\u00e4\u00e4 kerran jos toisenkin. Ajoneuvopaikoitus on ilmaista sek\u00e4 tanssiyleis\u00f6lle ett\u00e4 matkailijoille Kummallekin on osoitettu omat alueensa Matkailuajoneuvojen ja [&hellip;]<\/p>\n","protected":false},"author":5,"featured_media":0,"parent":0,"menu_order":0,"comment_status":"closed","ping_status":"closed","template":"page-info.php","meta":{"footnotes":""},"class_list":["post-217","page","type-page","status-publish","hentry"],"_links":{"self":[{"href":"https:\/\/humpparalli.in\/index.php?rest_route=\/wp\/v2\/pages\/217","targetHints":{"allow":["GET"]}}],"collection":[{"href":"https:\/\/humpparalli.in\/index.php?rest_route=\/wp\/v2\/pages"}],"about":[{"href":"https:\/\/humpparalli.in\/index.php?rest_route=\/wp\/v2\/types\/page"}],"author":[{"embeddable":true,"href":"https:\/\/humpparalli.in\/index.php?rest_route=\/wp\/v2\/users\/5"}],"replies":[{"embeddable":true,"href":"https:\/\/humpparalli.in\/index.php?rest_route=%2Fwp%2Fv2%2Fcomments&post=217"}],"version-history":[{"count":15,"href":"https:\/\/humpparalli.in\/index.php?rest_route=\/wp\/v2\/pages\/217\/revisions"}],"predecessor-version":[{"id":1507,"href":"https:\/\/humpparalli.in\/index.php?rest_route=\/wp\/v2\/pages\/217\/revisions\/1507"}],"wp:attachment":[{"href":"https:\/\/humpparalli.in\/index.php?rest_route=%2Fwp%2Fv2%2Fmedia&parent=217"}],"curies":[{"name":"wp","href":"https:\/\/api.w.org\/{rel}","templated":true}]}}