{"id":421,"date":"2018-06-29T11:01:45","date_gmt":"2018-06-29T08:01:45","guid":{"rendered":"http:\/\/humpparalli.in\/?page_id=421"},"modified":"2022-06-22T09:00:48","modified_gmt":"2022-06-22T06:00:48","slug":"tapahtuma-alue","status":"publish","type":"page","link":"https:\/\/humpparalli.in\/?page_id=421","title":{"rendered":"Tapahtuma-alue"},"content":{"rendered":"<p style=\"text-align: center;\">Alta l\u00f6yd\u00e4t koko tapahtuma-alueen kartan. Pihapiirin kartan l\u00f6yd\u00e4t <a href=\"http:\/\/humpparalli.in\/wp-content\/uploads\/2018\/06\/Pihapiiri-kartta.jpg\" target=\"_blank\" rel=\"noopener\">t\u00e4\u00e4lt\u00e4<\/a>.<\/p>\n<p>&nbsp;<\/p>\n<p><a href=\"http:\/\/humpparalli.in\/wp-content\/uploads\/2018\/06\/Koko-alue-kartta.jpg\" target=\"_blank\" rel=\"noopener\"><img decoding=\"async\" class=\"aligncenter wp-image-422 size-full\" src=\"http:\/\/humpparalli.in\/wp-content\/uploads\/2018\/06\/Koko-alue-kartta.jpg\" alt=\"Koko tapahtuma-alueen kartta\" width=\"1046\" srcset=\"https:\/\/humpparalli.in\/wp-content\/uploads\/2018\/06\/Koko-alue-kartta.jpg 1046w, https:\/\/humpparalli.in\/wp-content\/uploads\/2018\/06\/Koko-alue-kartta-300x195.jpg 300w, https:\/\/humpparalli.in\/wp-content\/uploads\/2018\/06\/Koko-alue-kartta-768x499.jpg 768w, https:\/\/humpparalli.in\/wp-content\/uploads\/2018\/06\/Koko-alue-kartta-1024x666.jpg 1024w\" sizes=\"(max-width: 1046px) 100vw, 1046px\" \/><\/a><\/p>\n<p>&nbsp;<\/p>\n","protected":false},"excerpt":{"rendered":"<p>Alta l\u00f6yd\u00e4t koko tapahtuma-alueen kartan. Pihapiirin kartan l\u00f6yd\u00e4t t\u00e4\u00e4lt\u00e4. &nbsp; &nbsp;<\/p>\n","protected":false},"author":5,"featured_media":0,"parent":0,"menu_order":0,"comment_status":"closed","ping_status":"closed","template":"page-info.php","meta":{"footnotes":""},"class_list":["post-421","page","type-page","status-publish","hentry"],"_links":{"self":[{"href":"https:\/\/humpparalli.in\/index.php?rest_route=\/wp\/v2\/pages\/421","targetHints":{"allow":["GET"]}}],"collection":[{"href":"https:\/\/humpparalli.in\/index.php?rest_route=\/wp\/v2\/pages"}],"about":[{"href":"https:\/\/humpparalli.in\/index.php?rest_route=\/wp\/v2\/types\/page"}],"author":[{"embeddable":true,"href":"https:\/\/humpparalli.in\/index.php?rest_route=\/wp\/v2\/users\/5"}],"replies":[{"embeddable":true,"href":"https:\/\/humpparalli.in\/index.php?rest_route=%2Fwp%2Fv2%2Fcomments&post=421"}],"version-history":[{"count":11,"href":"https:\/\/humpparalli.in\/index.php?rest_route=\/wp\/v2\/pages\/421\/revisions"}],"predecessor-version":[{"id":434,"href":"https:\/\/humpparalli.in\/index.php?rest_route=\/wp\/v2\/pages\/421\/revisions\/434"}],"wp:attachment":[{"href":"https:\/\/humpparalli.in\/index.php?rest_route=%2Fwp%2Fv2%2Fmedia&parent=421"}],"curies":[{"name":"wp","href":"https:\/\/api.w.org\/{rel}","templated":true}]}}